{"id":718,"date":"2022-08-17T01:10:52","date_gmt":"2022-08-17T01:10:52","guid":{"rendered":"https:\/\/www.aquadrill.com.br\/site\/?page_id=718"},"modified":"2022-08-24T14:09:28","modified_gmt":"2022-08-24T14:09:28","slug":"artigos-tecnicos","status":"publish","type":"page","link":"https:\/\/www.aquadrill.com.br\/site\/artigos-tecnicos\/","title":{"rendered":"Artigos T\u00e9cnicos"},"content":{"rendered":"\t\t<div data-elementor-type=\"wp-page\" data-elementor-id=\"718\" class=\"elementor elementor-718\">\n\t\t\t\t\t\t<section class=\"elementor-section elementor-top-section elementor-element elementor-element-5576e64 elementor-hidden-desktop elementor-hidden-tablet elementor-section-boxed elementor-section-height-default elementor-section-height-default\" data-id=\"5576e64\" data-element_type=\"section\" data-e-type=\"section\">\n\t\t\t\t\t\t<div class=\"elementor-container elementor-column-gap-default\">\n\t\t\t\t\t<div class=\"elementor-column elementor-col-100 elementor-top-column elementor-element elementor-element-8eafea3\" data-id=\"8eafea3\" data-element_type=\"column\" data-e-type=\"column\">\n\t\t\t<div class=\"elementor-widget-wrap elementor-element-populated\">\n\t\t\t\t\t\t<div class=\"elementor-element elementor-element-20c7b43 elementor-widget elementor-widget-spacer\" data-id=\"20c7b43\" data-element_type=\"widget\" data-e-type=\"widget\" data-widget_type=\"spacer.default\">\n\t\t\t\t<div class=\"elementor-widget-container\">\n\t\t\t\t\t\t\t<div class=\"elementor-spacer\">\n\t\t\t<div class=\"elementor-spacer-inner\"><\/div>\n\t\t<\/div>\n\t\t\t\t\t\t<\/div>\n\t\t\t\t<\/div>\n\t\t\t\t<div class=\"elementor-element elementor-element-0d015aa elementor-hidden-desktop elementor-hidden-tablet elementor-widget elementor-widget-heading\" data-id=\"0d015aa\" data-element_type=\"widget\" data-e-type=\"widget\" data-widget_type=\"heading.default\">\n\t\t\t\t<div class=\"elementor-widget-container\">\n\t\t\t\t\t<h2 class=\"elementor-heading-title elementor-size-default\">ARTIGOS T\u00c9CNICOS<\/h2>\t\t\t\t<\/div>\n\t\t\t\t<\/div>\n\t\t\t\t\t<\/div>\n\t\t<\/div>\n\t\t\t\t\t<\/div>\n\t\t<\/section>\n\t\t\t\t<section class=\"elementor-section elementor-top-section elementor-element elementor-element-0bf337b elementor-section-full_width elementor-section-stretched elementor-hidden-mobile elementor-section-height-default elementor-section-height-default\" data-id=\"0bf337b\" data-element_type=\"section\" data-e-type=\"section\" data-settings=\"{&quot;stretch_section&quot;:&quot;section-stretched&quot;,&quot;background_background&quot;:&quot;classic&quot;}\">\n\t\t\t\t\t\t<div class=\"elementor-container elementor-column-gap-default\">\n\t\t\t\t\t<div class=\"elementor-column elementor-col-100 elementor-top-column elementor-element elementor-element-2eb4f0d\" data-id=\"2eb4f0d\" data-element_type=\"column\" data-e-type=\"column\">\n\t\t\t<div class=\"elementor-widget-wrap elementor-element-populated\">\n\t\t\t\t\t\t<div class=\"elementor-element elementor-element-115a2f3 elementor-widget elementor-widget-heading\" data-id=\"115a2f3\" data-element_type=\"widget\" data-e-type=\"widget\" data-widget_type=\"heading.default\">\n\t\t\t\t<div class=\"elementor-widget-container\">\n\t\t\t\t\t<h2 class=\"elementor-heading-title elementor-size-default\">ARTIGOS T\u00c9CNICOS<\/h2>\t\t\t\t<\/div>\n\t\t\t\t<\/div>\n\t\t\t\t\t<\/div>\n\t\t<\/div>\n\t\t\t\t\t<\/div>\n\t\t<\/section>\n\t\t\t\t<section class=\"elementor-section elementor-top-section elementor-element elementor-element-692c731 elementor-section-boxed elementor-section-height-default elementor-section-height-default\" data-id=\"692c731\" data-element_type=\"section\" data-e-type=\"section\">\n\t\t\t\t\t\t<div class=\"elementor-container elementor-column-gap-default\">\n\t\t\t\t\t<div class=\"elementor-column elementor-col-100 elementor-top-column elementor-element elementor-element-51d24e4\" data-id=\"51d24e4\" data-element_type=\"column\" data-e-type=\"column\">\n\t\t\t<div class=\"elementor-widget-wrap elementor-element-populated\">\n\t\t\t\t\t\t<div class=\"elementor-element elementor-element-01c6888 elementor-hidden-mobile elementor-widget elementor-widget-spacer\" data-id=\"01c6888\" data-element_type=\"widget\" data-e-type=\"widget\" data-widget_type=\"spacer.default\">\n\t\t\t\t<div class=\"elementor-widget-container\">\n\t\t\t\t\t\t\t<div class=\"elementor-spacer\">\n\t\t\t<div class=\"elementor-spacer-inner\"><\/div>\n\t\t<\/div>\n\t\t\t\t\t\t<\/div>\n\t\t\t\t<\/div>\n\t\t\t\t\t<\/div>\n\t\t<\/div>\n\t\t\t\t\t<\/div>\n\t\t<\/section>\n\t\t\t\t<section class=\"elementor-section elementor-top-section elementor-element elementor-element-e92fec0 elementor-section-boxed elementor-section-height-default elementor-section-height-default\" data-id=\"e92fec0\" data-element_type=\"section\" data-e-type=\"section\">\n\t\t\t\t\t\t<div class=\"elementor-container elementor-column-gap-default\">\n\t\t\t\t\t<div class=\"elementor-column elementor-col-100 elementor-top-column elementor-element elementor-element-db50d29\" data-id=\"db50d29\" data-element_type=\"column\" data-e-type=\"column\">\n\t\t\t<div class=\"elementor-widget-wrap elementor-element-populated\">\n\t\t\t\t\t\t<div class=\"elementor-element elementor-element-3f375b7 elementor-widget elementor-widget-spacer\" data-id=\"3f375b7\" data-element_type=\"widget\" data-e-type=\"widget\" data-widget_type=\"spacer.default\">\n\t\t\t\t<div class=\"elementor-widget-container\">\n\t\t\t\t\t\t\t<div class=\"elementor-spacer\">\n\t\t\t<div class=\"elementor-spacer-inner\"><\/div>\n\t\t<\/div>\n\t\t\t\t\t\t<\/div>\n\t\t\t\t<\/div>\n\t\t\t\t<div class=\"elementor-element elementor-element-17e916c premium-blog-align-left elementor-widget elementor-widget-premium-addon-blog\" data-id=\"17e916c\" data-element_type=\"widget\" data-e-type=\"widget\" data-settings=\"{&quot;premium_blog_grid&quot;:&quot;yes&quot;,&quot;premium_blog_layout&quot;:&quot;even&quot;,&quot;premium_blog_columns_number&quot;:&quot;50%&quot;,&quot;premium_blog_columns_number_tablet&quot;:&quot;50%&quot;,&quot;premium_blog_columns_number_mobile&quot;:&quot;100%&quot;,&quot;scroll_to_offset&quot;:&quot;yes&quot;}\" data-widget_type=\"premium-addon-blog.default\">\n\t\t\t\t<div class=\"elementor-widget-container\">\n\t\t\t\t\t\n\t\t\t\t<div class=\"premium-blog-wrap  premium-blog-even\" data-page=\"718\" data-pagination=\"true\">\n\t\t\t\t\t<div class=\"premium-blog-post-outer-container\" data-total=\"2\">\n\t\t\t<div class=\"premium-blog-post-container premium-blog-skin-cards\">\n\t\t\t\t\t\t\t\t\t\t\t\t\t\t\t\t\t\t\t<div class=\"premium-blog-author-thumbnail\">\n\t\t\t\t\t\t\t\t\t\t\t\t\t<\/div>\n\t\t\t\t\t\t\t\t\t\t\t\t\t<div class=\"premium-blog-content-wrapper empty-thumb\">\n\n\t\t\t\t\t<div class=\"premium-blog-inner-container\">\n\n\t\t\t\t\t\t\t\t\t\t\t\t\t\t<h2 class=\"premium-blog-entry-title\">\n\t\t\t<a href=\"https:\/\/www.aquadrill.com.br\/site\/conselho-do-tupe-discute-construcao-de-pocos-artesianos-porsemcom-quinta-feira-14-de-fevereiro-de-2013\/\" target=\"_blank\">\n\t\t\t\tConselho do Tup\u00e9 discute constru\u00e7\u00e3o de po\u00e7os artesianos Por\tSemcom, quinta-feira, 14 de fevereiro de 2013\t\t\t<\/a>\n\t\t<\/h2>\n\t\t\n\t\t\t\t\t<\/div>\n\n\t\t\t\t\t\t\t<div class=\"premium-blog-content-inner-wrapper\">\n\t\t<p class=\"premium-blog-post-content\">A constru\u00e7\u00e3o de po\u00e7os artesianos nas comunidades da Reserva de Desenvolvimento Sustent\u00e1vel (RDS) do Tup\u00e9 foi um dos temas discutidos durante a primeira reuni\u00e3o do ano do Conselho Deliberativo da RDS do Tup\u00e9, realizada no \u00faltimo dia 4 deste m\u00eas. O conselho \u00e9 formado por representantes de \u00f3rg\u00e3os p\u00fablicos, institui\u00e7\u00f5es n\u00e3o-governamentais e de pesquisa que &hellip;<p class=\"read-more\"> <a class=\"\" href=\"https:\/\/www.aquadrill.com.br\/site\/conselho-do-tupe-discute-construcao-de-pocos-artesianos-porsemcom-quinta-feira-14-de-fevereiro-de-2013\/\"> <span class=\"screen-reader-text\">Conselho do Tup\u00e9 discute constru\u00e7\u00e3o de po\u00e7os artesianos Por\tSemcom, quinta-feira, 14 de fevereiro de 2013<\/span> Leia mais &raquo;<\/a><\/p><\/p>\t\t<\/div>\n\t\t\t\t<div class=\"premium-blog-entry-meta\">\n\t\t\t\n\t\t\t\t\t\t\t<span class=\"premium-blog-meta-separator\">\u2022<\/span>\n\t\t\t\t<div class=\"premium-blog-post-time premium-blog-meta-data\">\n\t\t\t\t\t<i class=\"fa fa-calendar-alt\" aria-hidden=\"true\"><\/i>\n\t\t\t\t\t<span>20 de abril de 2013<\/span>\n\t\t\t\t<\/div>\n\t\t\t\n\t\t\t\n\t\t\t\t\t<\/div>\n\t\t\t\t\t\t\t\n\t\t\t\t<\/div>\n\t\t\t<\/div>\n\t\t<\/div>\n\n\t\t\t\t<div class=\"premium-blog-post-outer-container\" data-total=\"2\">\n\t\t\t<div class=\"premium-blog-post-container premium-blog-skin-cards\">\n\t\t\t\t\t\t\t\t\t\t\t\t\t\t\t\t\t\t\t<div class=\"premium-blog-author-thumbnail\">\n\t\t\t\t\t\t\t\t\t\t\t\t\t<\/div>\n\t\t\t\t\t\t\t\t\t\t\t\t\t<div class=\"premium-blog-content-wrapper empty-thumb\">\n\n\t\t\t\t\t<div class=\"premium-blog-inner-container\">\n\n\t\t\t\t\t\t\t\t\t\t\t\t\t\t<h2 class=\"premium-blog-entry-title\">\n\t\t\t<a href=\"https:\/\/www.aquadrill.com.br\/site\/eficiencia-do-tratamento-de-agua-em-ciclo-completo-na-remocao-do-diclofenaco-sodico\/\" target=\"_blank\">\n\t\t\t\tEfici\u00eancia do tratamento de \u00e1gua em ciclo completo na Remo\u00e7\u00e3o do diclofenaco s\u00f3dico\t\t\t<\/a>\n\t\t<\/h2>\n\t\t\n\t\t\t\t\t<\/div>\n\n\t\t\t\t\t\t\t<div class=\"premium-blog-content-inner-wrapper\">\n\t\t<p class=\"premium-blog-post-content\">Autores Eliane Sloboda Rigobello (1) Doutoranda em Qu\u00edmica Anal\u00edtica no Instituto de Qu\u00edmica de S\u00e3o Carlos,Universidade de S\u00e3o Paulo(IQSC\/USP). Angela Di Bernardo Dantas (2) Engenheira Civil com Mestrado, Doutorado e P\u00f3s-doutorado em Hidr\u00e1ulica e Saneamento pela Escola de Engenharia de S\u00e3o Carlos (EESC-USP). Professora da Universidade da Associa\u00e7\u00e3o de Ensino de Ribeir\u00e3o Preto (UNAERP). Diretora &hellip;<p class=\"read-more\"> <a class=\"\" href=\"https:\/\/www.aquadrill.com.br\/site\/eficiencia-do-tratamento-de-agua-em-ciclo-completo-na-remocao-do-diclofenaco-sodico\/\"> <span class=\"screen-reader-text\">Efici\u00eancia do tratamento de \u00e1gua em ciclo completo na Remo\u00e7\u00e3o do diclofenaco s\u00f3dico<\/span> Leia mais &raquo;<\/a><\/p><\/p>\t\t<\/div>\n\t\t\t\t<div class=\"premium-blog-entry-meta\">\n\t\t\t\n\t\t\t\t\t\t\t<span class=\"premium-blog-meta-separator\">\u2022<\/span>\n\t\t\t\t<div class=\"premium-blog-post-time premium-blog-meta-data\">\n\t\t\t\t\t<i class=\"fa fa-calendar-alt\" aria-hidden=\"true\"><\/i>\n\t\t\t\t\t<span>7 de mar\u00e7o de 2013<\/span>\n\t\t\t\t<\/div>\n\t\t\t\n\t\t\t\n\t\t\t\t\t<\/div>\n\t\t\t\t\t\t\t\n\t\t\t\t<\/div>\n\t\t\t<\/div>\n\t\t<\/div>\n\n\t\t\t\t<div class=\"premium-blog-post-outer-container\" data-total=\"2\">\n\t\t\t<div class=\"premium-blog-post-container premium-blog-skin-cards\">\n\t\t\t\t\t\t\t\t\t\t\t\t\t\t\t\t\t\t\t<div class=\"premium-blog-author-thumbnail\">\n\t\t\t\t\t\t\t\t\t\t\t\t\t<\/div>\n\t\t\t\t\t\t\t\t\t\t\t\t\t<div class=\"premium-blog-content-wrapper empty-thumb\">\n\n\t\t\t\t\t<div class=\"premium-blog-inner-container\">\n\n\t\t\t\t\t\t\t\t\t\t\t\t\t\t<h2 class=\"premium-blog-entry-title\">\n\t\t\t<a href=\"https:\/\/www.aquadrill.com.br\/site\/diminuicao-na-dosagem-de-cloro-em-etas-usando-peroxido-de-hidrogenio\/\" target=\"_blank\">\n\t\t\t\tDiminui\u00e7\u00e3o na dosagem de cloro em ETAs usando per\u00f3xido de hidrog\u00eanio\t\t\t<\/a>\n\t\t<\/h2>\n\t\t\n\t\t\t\t\t<\/div>\n\n\t\t\t\t\t\t\t<div class=\"premium-blog-content-inner-wrapper\">\n\t\t<p class=\"premium-blog-post-content\">Luiz Alberto Cesar Teixeira(1) Engenheiro e MSc pelo DEMa da PUC-Rio. PhD pelo Imperial College (Universidade de Londres). Professor Associado da PUC-Rio em Enga. de Materiais e Enga. Ambiental. Consultor da Per\u00f3xidos do Brasil Ltda (Grupo Solvay) Mariana de Faria Gardingo (2) Bi\u00f3loga pela USS Vassouras, MSc pela PUC-Rio, atualmente doutoranda no DEMa da PUC-Rio &hellip;<p class=\"read-more\"> <a class=\"\" href=\"https:\/\/www.aquadrill.com.br\/site\/diminuicao-na-dosagem-de-cloro-em-etas-usando-peroxido-de-hidrogenio\/\"> <span class=\"screen-reader-text\">Diminui\u00e7\u00e3o na dosagem de cloro em ETAs usando per\u00f3xido de hidrog\u00eanio<\/span> Leia mais &raquo;<\/a><\/p><\/p>\t\t<\/div>\n\t\t\t\t<div class=\"premium-blog-entry-meta\">\n\t\t\t\n\t\t\t\t\t\t\t<span class=\"premium-blog-meta-separator\">\u2022<\/span>\n\t\t\t\t<div class=\"premium-blog-post-time premium-blog-meta-data\">\n\t\t\t\t\t<i class=\"fa fa-calendar-alt\" aria-hidden=\"true\"><\/i>\n\t\t\t\t\t<span>7 de mar\u00e7o de 2013<\/span>\n\t\t\t\t<\/div>\n\t\t\t\n\t\t\t\n\t\t\t\t\t<\/div>\n\t\t\t\t\t\t\t\n\t\t\t\t<\/div>\n\t\t\t<\/div>\n\t\t<\/div>\n\n\t\t\t\t<div class=\"premium-blog-post-outer-container\" data-total=\"2\">\n\t\t\t<div class=\"premium-blog-post-container premium-blog-skin-cards\">\n\t\t\t\t\t\t\t\t\t\t\t\t\t\t\t\t\t\t\t<div class=\"premium-blog-author-thumbnail\">\n\t\t\t\t\t\t\t\t\t\t\t\t\t<\/div>\n\t\t\t\t\t\t\t\t\t\t\t\t\t<div class=\"premium-blog-content-wrapper empty-thumb\">\n\n\t\t\t\t\t<div class=\"premium-blog-inner-container\">\n\n\t\t\t\t\t\t\t\t\t\t\t\t\t\t<h2 class=\"premium-blog-entry-title\">\n\t\t\t<a href=\"https:\/\/www.aquadrill.com.br\/site\/utilizacao-da-dupla-filtracao-oxidacao-e-adsorcao-com-carvao-ativado-pulverizado-no-tratamento-de-agua-eutrofizada-pulverizado-no-tratamento-de-agua-eutrofizada\/\" target=\"_blank\">\n\t\t\t\tUtiliza\u00e7\u00e3o da dupla filtra\u00e7\u00e3o, oxida\u00e7\u00e3o e adsor\u00e7\u00e3o com carv\u00e3o ativado pulverizado no tratamento de \u00e1gua eutrofizada pulverizado no tratamento de \u00e1gua eutrofizada\t\t\t<\/a>\n\t\t<\/h2>\n\t\t\n\t\t\t\t\t<\/div>\n\n\t\t\t\t\t\t\t<div class=\"premium-blog-content-inner-wrapper\">\n\t\t<p class=\"premium-blog-post-content\">Autores S\u00e9rgio Carlos Bernardo Queiroz (1) Engenheiro Ambiental pela Universidade Federal do Tocantins. Mestre em Recursos H\u00eddricos e Saneamento Ambiental pela Universidade Federal do RioGrande do Sul (IPH\/UFRGS). Engenheiro da Companhia de Saneamento do Tocantins (SANEATINS. Ant\u00f4nio Domingues Benetti (2) Engenheiro Civil, Mestre em Engenharia de Recursos H\u00eddricos e Saneamento Ambiental pela Universidade Federal do &hellip;<p class=\"read-more\"> <a class=\"\" href=\"https:\/\/www.aquadrill.com.br\/site\/utilizacao-da-dupla-filtracao-oxidacao-e-adsorcao-com-carvao-ativado-pulverizado-no-tratamento-de-agua-eutrofizada-pulverizado-no-tratamento-de-agua-eutrofizada\/\"> <span class=\"screen-reader-text\">Utiliza\u00e7\u00e3o da dupla filtra\u00e7\u00e3o, oxida\u00e7\u00e3o e adsor\u00e7\u00e3o com carv\u00e3o ativado pulverizado no tratamento de \u00e1gua eutrofizada pulverizado no tratamento de \u00e1gua eutrofizada<\/span> Leia mais &raquo;<\/a><\/p><\/p>\t\t<\/div>\n\t\t\t\t<div class=\"premium-blog-entry-meta\">\n\t\t\t\n\t\t\t\t\t\t\t<span class=\"premium-blog-meta-separator\">\u2022<\/span>\n\t\t\t\t<div class=\"premium-blog-post-time premium-blog-meta-data\">\n\t\t\t\t\t<i class=\"fa fa-calendar-alt\" aria-hidden=\"true\"><\/i>\n\t\t\t\t\t<span>26 de fevereiro de 2013<\/span>\n\t\t\t\t<\/div>\n\t\t\t\n\t\t\t\n\t\t\t\t\t<\/div>\n\t\t\t\t\t\t\t\n\t\t\t\t<\/div>\n\t\t\t<\/div>\n\t\t<\/div>\n\n\t\t\t\t<\/div>\n\n\t\t\t\t<div class=\"premium-blog-footer\">\n\t\t\t\t\t\t<nav class=\"premium-blog-pagination-container\" role=\"navigation\" aria-label=\"Pagina\u00e7\u00e3o\">\n\t\t\t\t<span aria-current=\"page\" class=\"page-numbers current\">1<\/span>\n<a class=\"page-numbers\" href=\"https:\/\/www.aquadrill.com.br\/site\/wp-json\/wp\/v2\/pages\/718\/page\/2\/\">2<\/a>\n<a class=\"next page-numbers\" href=\"https:\/\/www.aquadrill.com.br\/site\/wp-json\/wp\/v2\/pages\/718\/page\/2\/\">Pr\u00f3ximo \u00bb<\/a>\t\t\t<\/nav>\n\t\t\t\t\t<\/div>\n\t\t\t\t\t\t\t<\/div>\n\t\t\t\t<\/div>\n\t\t\t\t<div class=\"elementor-element elementor-element-386ec23 elementor-hidden-mobile elementor-widget elementor-widget-spacer\" data-id=\"386ec23\" data-element_type=\"widget\" data-e-type=\"widget\" data-widget_type=\"spacer.default\">\n\t\t\t\t<div class=\"elementor-widget-container\">\n\t\t\t\t\t\t\t<div class=\"elementor-spacer\">\n\t\t\t<div class=\"elementor-spacer-inner\"><\/div>\n\t\t<\/div>\n\t\t\t\t\t\t<\/div>\n\t\t\t\t<\/div>\n\t\t\t\t\t<\/div>\n\t\t<\/div>\n\t\t\t\t\t<\/div>\n\t\t<\/section>\n\t\t\t\t<\/div>\n\t\t","protected":false},"excerpt":{"rendered":"<p>ARTIGOS T\u00c9CNICOS ARTIGOS T\u00c9CNICOS Conselho do Tup\u00e9 discute constru\u00e7\u00e3o de po\u00e7os artesianos Por Semcom, quinta-feira, 14 de fevereiro de 2013 A constru\u00e7\u00e3o de po\u00e7os artesianos nas comunidades da Reserva de Desenvolvimento Sustent\u00e1vel (RDS) do Tup\u00e9 foi um dos temas discutidos durante a primeira reuni\u00e3o do ano do Conselho Deliberativo da RDS do Tup\u00e9, realizada no &hellip;<\/p>\n<p class=\"read-more\"> <a class=\"\" href=\"https:\/\/www.aquadrill.com.br\/site\/utilizacao-da-dupla-filtracao-oxidacao-e-adsorcao-com-carvao-ativado-pulverizado-no-tratamento-de-agua-eutrofizada-pulverizado-no-tratamento-de-agua-eutrofizada\/\"> <span class=\"screen-reader-text\">Utiliza\u00e7\u00e3o da dupla filtra\u00e7\u00e3o, oxida\u00e7\u00e3o e adsor\u00e7\u00e3o com carv\u00e3o ativado pulverizado no tratamento de \u00e1gua eutrofizada pulverizado no tratamento de \u00e1gua eutrofizada<\/span> Leia mais &raquo;<\/a><\/p>\n","protected":false},"author":1,"featured_media":0,"parent":0,"menu_order":0,"comment_status":"closed","ping_status":"closed","template":"elementor_header_footer","meta":{"_acf_changed":false,"site-sidebar-layout":"default","site-content-layout":"default","ast-global-header-display":"","ast-main-header-display":"","ast-hfb-above-header-display":"","ast-hfb-below-header-display":"","ast-hfb-mobile-header-display":"","site-post-title":"","ast-breadcrumbs-content":"","ast-featured-img":"","footer-sml-layout":"","theme-transparent-header-meta":"","adv-header-id-meta":"","stick-header-meta":"","header-above-stick-meta":"","header-main-stick-meta":"","header-below-stick-meta":"","_joinchat":[],"footnotes":""},"class_list":["post-718","page","type-page","status-publish","hentry"],"acf":[],"_links":{"self":[{"href":"https:\/\/www.aquadrill.com.br\/site\/wp-json\/wp\/v2\/pages\/718","targetHints":{"allow":["GET"]}}],"collection":[{"href":"https:\/\/www.aquadrill.com.br\/site\/wp-json\/wp\/v2\/pages"}],"about":[{"href":"https:\/\/www.aquadrill.com.br\/site\/wp-json\/wp\/v2\/types\/page"}],"author":[{"embeddable":true,"href":"https:\/\/www.aquadrill.com.br\/site\/wp-json\/wp\/v2\/users\/1"}],"replies":[{"embeddable":true,"href":"https:\/\/www.aquadrill.com.br\/site\/wp-json\/wp\/v2\/comments?post=718"}],"version-history":[{"count":2,"href":"https:\/\/www.aquadrill.com.br\/site\/wp-json\/wp\/v2\/pages\/718\/revisions"}],"predecessor-version":[{"id":797,"href":"https:\/\/www.aquadrill.com.br\/site\/wp-json\/wp\/v2\/pages\/718\/revisions\/797"}],"wp:attachment":[{"href":"https:\/\/www.aquadrill.com.br\/site\/wp-json\/wp\/v2\/media?parent=718"}],"curies":[{"name":"wp","href":"https:\/\/api.w.org\/{rel}","templated":true}]}}