{"id":447,"date":"2022-08-09T19:16:12","date_gmt":"2022-08-09T19:16:12","guid":{"rendered":"https:\/\/www.aquadrill.com.br\/site\/?page_id=447"},"modified":"2022-10-24T19:42:58","modified_gmt":"2022-10-24T19:42:58","slug":"contato","status":"publish","type":"page","link":"https:\/\/www.aquadrill.com.br\/site\/contato\/","title":{"rendered":"Contato"},"content":{"rendered":"\t\t<div data-elementor-type=\"wp-page\" data-elementor-id=\"447\" class=\"elementor elementor-447\">\n\t\t\t\t\t\t<section class=\"elementor-section elementor-top-section elementor-element elementor-element-5576e64 elementor-hidden-desktop elementor-hidden-tablet elementor-section-boxed elementor-section-height-default elementor-section-height-default\" data-id=\"5576e64\" data-element_type=\"section\" data-e-type=\"section\">\n\t\t\t\t\t\t<div class=\"elementor-container elementor-column-gap-default\">\n\t\t\t\t\t<div class=\"elementor-column elementor-col-100 elementor-top-column elementor-element elementor-element-8eafea3\" data-id=\"8eafea3\" data-element_type=\"column\" data-e-type=\"column\">\n\t\t\t<div class=\"elementor-widget-wrap elementor-element-populated\">\n\t\t\t\t\t\t<div class=\"elementor-element elementor-element-20c7b43 elementor-widget elementor-widget-spacer\" data-id=\"20c7b43\" data-element_type=\"widget\" data-e-type=\"widget\" data-widget_type=\"spacer.default\">\n\t\t\t\t<div class=\"elementor-widget-container\">\n\t\t\t\t\t\t\t<div class=\"elementor-spacer\">\n\t\t\t<div class=\"elementor-spacer-inner\"><\/div>\n\t\t<\/div>\n\t\t\t\t\t\t<\/div>\n\t\t\t\t<\/div>\n\t\t\t\t<div class=\"elementor-element elementor-element-0d015aa elementor-hidden-desktop elementor-hidden-tablet elementor-widget elementor-widget-heading\" data-id=\"0d015aa\" data-element_type=\"widget\" data-e-type=\"widget\" data-widget_type=\"heading.default\">\n\t\t\t\t<div class=\"elementor-widget-container\">\n\t\t\t\t\t<h2 class=\"elementor-heading-title elementor-size-default\">CONTATO<\/h2>\t\t\t\t<\/div>\n\t\t\t\t<\/div>\n\t\t\t\t\t<\/div>\n\t\t<\/div>\n\t\t\t\t\t<\/div>\n\t\t<\/section>\n\t\t\t\t<section class=\"elementor-section elementor-top-section elementor-element elementor-element-0bf337b elementor-section-full_width elementor-section-stretched elementor-hidden-mobile elementor-section-height-default elementor-section-height-default\" data-id=\"0bf337b\" data-element_type=\"section\" data-e-type=\"section\" data-settings=\"{&quot;stretch_section&quot;:&quot;section-stretched&quot;,&quot;background_background&quot;:&quot;classic&quot;}\">\n\t\t\t\t\t\t<div class=\"elementor-container elementor-column-gap-default\">\n\t\t\t\t\t<div class=\"elementor-column elementor-col-100 elementor-top-column elementor-element elementor-element-2eb4f0d\" data-id=\"2eb4f0d\" data-element_type=\"column\" data-e-type=\"column\">\n\t\t\t<div class=\"elementor-widget-wrap elementor-element-populated\">\n\t\t\t\t\t\t<div class=\"elementor-element elementor-element-115a2f3 elementor-widget elementor-widget-heading\" data-id=\"115a2f3\" data-element_type=\"widget\" data-e-type=\"widget\" data-widget_type=\"heading.default\">\n\t\t\t\t<div class=\"elementor-widget-container\">\n\t\t\t\t\t<h2 class=\"elementor-heading-title elementor-size-default\">CONTATO<\/h2>\t\t\t\t<\/div>\n\t\t\t\t<\/div>\n\t\t\t\t\t<\/div>\n\t\t<\/div>\n\t\t\t\t\t<\/div>\n\t\t<\/section>\n\t\t\t\t<section class=\"elementor-section elementor-top-section elementor-element elementor-element-e92fec0 elementor-hidden-mobile elementor-section-boxed elementor-section-height-default elementor-section-height-default\" data-id=\"e92fec0\" data-element_type=\"section\" data-e-type=\"section\">\n\t\t\t\t\t\t<div class=\"elementor-container elementor-column-gap-default\">\n\t\t\t\t\t<div class=\"elementor-column elementor-col-100 elementor-top-column elementor-element elementor-element-db50d29\" data-id=\"db50d29\" data-element_type=\"column\" data-e-type=\"column\">\n\t\t\t<div class=\"elementor-widget-wrap elementor-element-populated\">\n\t\t\t\t\t\t<div class=\"elementor-element elementor-element-c33d97c elementor-widget elementor-widget-spacer\" data-id=\"c33d97c\" data-element_type=\"widget\" data-e-type=\"widget\" data-widget_type=\"spacer.default\">\n\t\t\t\t<div class=\"elementor-widget-container\">\n\t\t\t\t\t\t\t<div class=\"elementor-spacer\">\n\t\t\t<div class=\"elementor-spacer-inner\"><\/div>\n\t\t<\/div>\n\t\t\t\t\t\t<\/div>\n\t\t\t\t<\/div>\n\t\t\t\t<div class=\"elementor-element elementor-element-3f375b7 elementor-widget elementor-widget-spacer\" data-id=\"3f375b7\" data-element_type=\"widget\" data-e-type=\"widget\" data-widget_type=\"spacer.default\">\n\t\t\t\t<div class=\"elementor-widget-container\">\n\t\t\t\t\t\t\t<div class=\"elementor-spacer\">\n\t\t\t<div class=\"elementor-spacer-inner\"><\/div>\n\t\t<\/div>\n\t\t\t\t\t\t<\/div>\n\t\t\t\t<\/div>\n\t\t\t\t\t<\/div>\n\t\t<\/div>\n\t\t\t\t\t<\/div>\n\t\t<\/section>\n\t\t\t\t<section class=\"elementor-section elementor-top-section elementor-element elementor-element-d326e0e elementor-hidden-mobile elementor-section-boxed elementor-section-height-default elementor-section-height-default\" data-id=\"d326e0e\" data-element_type=\"section\" data-e-type=\"section\">\n\t\t\t\t\t\t<div class=\"elementor-container elementor-column-gap-default\">\n\t\t\t\t\t<div class=\"elementor-column elementor-col-50 elementor-top-column elementor-element elementor-element-5319ae3\" data-id=\"5319ae3\" data-element_type=\"column\" data-e-type=\"column\">\n\t\t\t<div class=\"elementor-widget-wrap elementor-element-populated\">\n\t\t\t\t\t\t<div class=\"elementor-element elementor-element-404a6df elementor-widget elementor-widget-image\" data-id=\"404a6df\" data-element_type=\"widget\" data-e-type=\"widget\" data-widget_type=\"image.default\">\n\t\t\t\t<div class=\"elementor-widget-container\">\n\t\t\t\t\t\t\t\t\t\t\t\t\t\t\t<img fetchpriority=\"high\" decoding=\"async\" width=\"1120\" height=\"420\" src=\"https:\/\/www.aquadrill.com.br\/site\/wp-content\/uploads\/2022\/08\/WhatsApp-Image-2022-08-10-at-13.24.27.jpeg\" class=\"attachment-large size-large wp-image-459\" alt=\"\" srcset=\"https:\/\/www.aquadrill.com.br\/site\/wp-content\/uploads\/2022\/08\/WhatsApp-Image-2022-08-10-at-13.24.27.jpeg 1120w, https:\/\/www.aquadrill.com.br\/site\/wp-content\/uploads\/2022\/08\/WhatsApp-Image-2022-08-10-at-13.24.27-768x288.jpeg 768w\" sizes=\"(max-width: 1120px) 100vw, 1120px\" \/>\t\t\t\t\t\t\t\t\t\t\t\t\t\t\t<\/div>\n\t\t\t\t<\/div>\n\t\t\t\t\t<\/div>\n\t\t<\/div>\n\t\t\t\t<div class=\"elementor-column elementor-col-50 elementor-top-column elementor-element elementor-element-00240bb\" data-id=\"00240bb\" data-element_type=\"column\" data-e-type=\"column\">\n\t\t\t<div class=\"elementor-widget-wrap elementor-element-populated\">\n\t\t\t\t\t\t<div class=\"elementor-element elementor-element-d73fddd elementor-widget elementor-widget-text-editor\" data-id=\"d73fddd\" data-element_type=\"widget\" data-e-type=\"widget\" data-widget_type=\"text-editor.default\">\n\t\t\t\t<div class=\"elementor-widget-container\">\n\t\t\t\t\t\t\t\t\t<p>Entre em contato conosco atrav\u00e9s do formul\u00e1rio abaixo ou e-mail <strong>aquadrill@aquadrill.com.br<\/strong>. Retornaremos assim que poss\u00edvel. Ser\u00e1 um prazer atend\u00ea-lo.<\/p>\t\t\t\t\t\t\t\t<\/div>\n\t\t\t\t<\/div>\n\t\t\t\t\t<\/div>\n\t\t<\/div>\n\t\t\t\t\t<\/div>\n\t\t<\/section>\n\t\t\t\t<section class=\"elementor-section elementor-top-section elementor-element elementor-element-e7ada7e elementor-hidden-desktop elementor-section-boxed elementor-section-height-default elementor-section-height-default\" data-id=\"e7ada7e\" data-element_type=\"section\" data-e-type=\"section\">\n\t\t\t\t\t\t<div class=\"elementor-container elementor-column-gap-default\">\n\t\t\t\t\t<div class=\"elementor-column elementor-col-100 elementor-top-column elementor-element elementor-element-4cb085b\" data-id=\"4cb085b\" data-element_type=\"column\" data-e-type=\"column\">\n\t\t\t<div class=\"elementor-widget-wrap elementor-element-populated\">\n\t\t\t\t\t\t<div class=\"elementor-element elementor-element-3363233 elementor-widget elementor-widget-image\" data-id=\"3363233\" data-element_type=\"widget\" data-e-type=\"widget\" data-widget_type=\"image.default\">\n\t\t\t\t<div class=\"elementor-widget-container\">\n\t\t\t\t\t\t\t\t\t\t\t\t\t\t\t<img fetchpriority=\"high\" decoding=\"async\" width=\"1120\" height=\"420\" src=\"https:\/\/www.aquadrill.com.br\/site\/wp-content\/uploads\/2022\/08\/WhatsApp-Image-2022-08-10-at-13.24.27.jpeg\" class=\"attachment-large size-large wp-image-459\" alt=\"\" srcset=\"https:\/\/www.aquadrill.com.br\/site\/wp-content\/uploads\/2022\/08\/WhatsApp-Image-2022-08-10-at-13.24.27.jpeg 1120w, https:\/\/www.aquadrill.com.br\/site\/wp-content\/uploads\/2022\/08\/WhatsApp-Image-2022-08-10-at-13.24.27-768x288.jpeg 768w\" sizes=\"(max-width: 1120px) 100vw, 1120px\" \/>\t\t\t\t\t\t\t\t\t\t\t\t\t\t\t<\/div>\n\t\t\t\t<\/div>\n\t\t\t\t\t<\/div>\n\t\t<\/div>\n\t\t\t\t\t<\/div>\n\t\t<\/section>\n\t\t\t\t<section class=\"elementor-section elementor-top-section elementor-element elementor-element-5b25339 elementor-hidden-mobile elementor-section-boxed elementor-section-height-default elementor-section-height-default\" data-id=\"5b25339\" data-element_type=\"section\" data-e-type=\"section\">\n\t\t\t\t\t\t<div class=\"elementor-container elementor-column-gap-default\">\n\t\t\t\t\t<div class=\"elementor-column elementor-col-100 elementor-top-column elementor-element elementor-element-23e4e63\" data-id=\"23e4e63\" data-element_type=\"column\" data-e-type=\"column\">\n\t\t\t<div class=\"elementor-widget-wrap elementor-element-populated\">\n\t\t\t\t\t\t<div class=\"elementor-element elementor-element-fea59d2 elementor-widget elementor-widget-text-editor\" data-id=\"fea59d2\" data-element_type=\"widget\" data-e-type=\"widget\" data-widget_type=\"text-editor.default\">\n\t\t\t\t<div class=\"elementor-widget-container\">\n\t\t\t\t\t\t\t\t\t<p><strong>\u00a0<\/strong><\/p><p><strong>Telefone<\/strong><\/p><p>(71)98623-1111<\/p><p>\u00a0<\/p><p>\u00a0<\/p><p>Contate-nos via <strong>WhatsApp<\/strong> clicando abaixo<\/p><p><a href=\"https:\/\/web.whatsapp.com\/send?phone=5571986231111\"><img decoding=\"async\" class=\"alignnone\" src=\"https:\/\/icones.pro\/wp-content\/uploads\/2021\/02\/icone-du-logo-whatsapp-vert.png\" alt=\"\u00cdcone do logotipo verde do WhatsApp\" width=\"49\" height=\"49\" \/><\/a><\/p><p>\u00a0<\/p><p>Acompanhe-nos no <strong>Instagram<\/strong><\/p><p>@aquadrillmeioambiente<\/p><p><a href=\"http:\/\/instagram.com.br\/aquadrillmeioambiente\"><img decoding=\"async\" class=\"alignnone wp-image-806\" src=\"https:\/\/www.aquadrill.com.br\/site\/wp-content\/uploads\/2022\/08\/instagram-icone-icon.png\" alt=\"\" width=\"48\" height=\"48\" srcset=\"https:\/\/www.aquadrill.com.br\/site\/wp-content\/uploads\/2022\/08\/instagram-icone-icon.png 3600w, https:\/\/www.aquadrill.com.br\/site\/wp-content\/uploads\/2022\/08\/instagram-icone-icon-768x768.png 768w, https:\/\/www.aquadrill.com.br\/site\/wp-content\/uploads\/2022\/08\/instagram-icone-icon-1536x1536.png 1536w, https:\/\/www.aquadrill.com.br\/site\/wp-content\/uploads\/2022\/08\/instagram-icone-icon-2048x2048.png 2048w\" sizes=\"(max-width: 48px) 100vw, 48px\" \/><\/a><\/p>\t\t\t\t\t\t\t\t<\/div>\n\t\t\t\t<\/div>\n\t\t\t\t\t<\/div>\n\t\t<\/div>\n\t\t\t\t\t<\/div>\n\t\t<\/section>\n\t\t\t\t<section class=\"elementor-section elementor-top-section elementor-element elementor-element-5519c25 elementor-hidden-desktop elementor-section-boxed elementor-section-height-default elementor-section-height-default\" data-id=\"5519c25\" data-element_type=\"section\" data-e-type=\"section\">\n\t\t\t\t\t\t<div class=\"elementor-container elementor-column-gap-default\">\n\t\t\t\t\t<div class=\"elementor-column elementor-col-33 elementor-top-column elementor-element elementor-element-aa9b871\" data-id=\"aa9b871\" data-element_type=\"column\" data-e-type=\"column\">\n\t\t\t<div class=\"elementor-widget-wrap elementor-element-populated\">\n\t\t\t\t\t\t<div class=\"elementor-element elementor-element-257021b elementor-widget elementor-widget-text-editor\" data-id=\"257021b\" data-element_type=\"widget\" data-e-type=\"widget\" data-widget_type=\"text-editor.default\">\n\t\t\t\t<div class=\"elementor-widget-container\">\n\t\t\t\t\t\t\t\t\t<p><strong>\u00a0<\/strong><strong>Telefone<\/strong><\/p><p>(71)98623-1111<\/p><p>\u00a0<\/p><p>Contate-nos via <strong>WhatsApp<\/strong> clicando abaixo<\/p><p><a href=\"https:\/\/web.whatsapp.com\/send?phone=5571986231111\"><img loading=\"lazy\" decoding=\"async\" src=\"https:\/\/icones.pro\/wp-content\/uploads\/2021\/02\/icone-du-logo-whatsapp-vert.png\" alt=\"\u00cdcone do logotipo verde do WhatsApp\" width=\"49\" height=\"49\" \/><\/a><\/p><p>Acompanhe-nos no <strong>Instagram <\/strong>@aquadrillmeioambiente<\/p><p><a href=\"http:\/\/instagram.com.br\/aquadrillmeioambiente\"><img decoding=\"async\" class=\"alignnone wp-image-806\" src=\"https:\/\/www.aquadrill.com.br\/site\/wp-content\/uploads\/2022\/08\/instagram-icone-icon.png\" alt=\"\" width=\"48\" height=\"48\" srcset=\"https:\/\/www.aquadrill.com.br\/site\/wp-content\/uploads\/2022\/08\/instagram-icone-icon.png 3600w, https:\/\/www.aquadrill.com.br\/site\/wp-content\/uploads\/2022\/08\/instagram-icone-icon-768x768.png 768w, https:\/\/www.aquadrill.com.br\/site\/wp-content\/uploads\/2022\/08\/instagram-icone-icon-1536x1536.png 1536w, https:\/\/www.aquadrill.com.br\/site\/wp-content\/uploads\/2022\/08\/instagram-icone-icon-2048x2048.png 2048w\" sizes=\"(max-width: 48px) 100vw, 48px\" \/><\/a><\/p>\t\t\t\t\t\t\t\t<\/div>\n\t\t\t\t<\/div>\n\t\t\t\t\t<\/div>\n\t\t<\/div>\n\t\t\t\t<div class=\"elementor-column elementor-col-33 elementor-top-column elementor-element elementor-element-2b1024a\" data-id=\"2b1024a\" data-element_type=\"column\" data-e-type=\"column\">\n\t\t\t<div class=\"elementor-widget-wrap elementor-element-populated\">\n\t\t\t\t\t\t<div class=\"elementor-element elementor-element-58794c8 elementor-widget elementor-widget-text-editor\" data-id=\"58794c8\" data-element_type=\"widget\" data-e-type=\"widget\" data-widget_type=\"text-editor.default\">\n\t\t\t\t<div class=\"elementor-widget-container\">\n\t\t\t\t\t\t\t\t\t<p>Entre em contato conosco atrav\u00e9s do formul\u00e1rio abaixo ou e-mail <strong>aquadrill@aquadrill.com.br<\/strong>. Retornaremos assim que poss\u00edvel. Ser\u00e1 um prazer atend\u00ea-lo.<\/p>\t\t\t\t\t\t\t\t<\/div>\n\t\t\t\t<\/div>\n\t\t\t\t\t<\/div>\n\t\t<\/div>\n\t\t\t\t<div class=\"elementor-column elementor-col-33 elementor-top-column elementor-element elementor-element-d02aef2\" data-id=\"d02aef2\" data-element_type=\"column\" data-e-type=\"column\">\n\t\t\t<div class=\"elementor-widget-wrap\">\n\t\t\t\t\t\t\t<\/div>\n\t\t<\/div>\n\t\t\t\t\t<\/div>\n\t\t<\/section>\n\t\t\t\t<\/div>\n\t\t","protected":false},"excerpt":{"rendered":"<p>CONTATO CONTATO Entre em contato conosco atrav\u00e9s do formul\u00e1rio abaixo ou e-mail aquadrill@aquadrill.com.br. Retornaremos assim que poss\u00edvel. Ser\u00e1 um prazer atend\u00ea-lo. \u00a0 Telefone (71)98623-1111 \u00a0 \u00a0 Contate-nos via WhatsApp clicando abaixo \u00a0 Acompanhe-nos no Instagram @aquadrillmeioambiente \u00a0Telefone (71)98623-1111 \u00a0 Contate-nos via WhatsApp clicando abaixo Acompanhe-nos no Instagram @aquadrillmeioambiente Entre em contato conosco atrav\u00e9s do formul\u00e1rio &hellip;<\/p>\n<p class=\"read-more\"> <a class=\"\" href=\"https:\/\/www.aquadrill.com.br\/site\/contato\/\"> <span class=\"screen-reader-text\">Contato<\/span> Leia mais &raquo;<\/a><\/p>\n","protected":false},"author":1,"featured_media":0,"parent":0,"menu_order":0,"comment_status":"closed","ping_status":"closed","template":"elementor_header_footer","meta":{"_acf_changed":false,"site-sidebar-layout":"default","site-content-layout":"default","ast-global-header-display":"","ast-main-header-display":"","ast-hfb-above-header-display":"","ast-hfb-below-header-display":"","ast-hfb-mobile-header-display":"","site-post-title":"","ast-breadcrumbs-content":"","ast-featured-img":"","footer-sml-layout":"","theme-transparent-header-meta":"","adv-header-id-meta":"","stick-header-meta":"","header-above-stick-meta":"","header-main-stick-meta":"","header-below-stick-meta":"","_joinchat":[],"footnotes":""},"class_list":["post-447","page","type-page","status-publish","hentry"],"acf":[],"_links":{"self":[{"href":"https:\/\/www.aquadrill.com.br\/site\/wp-json\/wp\/v2\/pages\/447","targetHints":{"allow":["GET"]}}],"collection":[{"href":"https:\/\/www.aquadrill.com.br\/site\/wp-json\/wp\/v2\/pages"}],"about":[{"href":"https:\/\/www.aquadrill.com.br\/site\/wp-json\/wp\/v2\/types\/page"}],"author":[{"embeddable":true,"href":"https:\/\/www.aquadrill.com.br\/site\/wp-json\/wp\/v2\/users\/1"}],"replies":[{"embeddable":true,"href":"https:\/\/www.aquadrill.com.br\/site\/wp-json\/wp\/v2\/comments?post=447"}],"version-history":[{"count":70,"href":"https:\/\/www.aquadrill.com.br\/site\/wp-json\/wp\/v2\/pages\/447\/revisions"}],"predecessor-version":[{"id":1022,"href":"https:\/\/www.aquadrill.com.br\/site\/wp-json\/wp\/v2\/pages\/447\/revisions\/1022"}],"wp:attachment":[{"href":"https:\/\/www.aquadrill.com.br\/site\/wp-json\/wp\/v2\/media?parent=447"}],"curies":[{"name":"wp","href":"https:\/\/api.w.org\/{rel}","templated":true}]}}